{"id":130,"date":"2025-12-22T17:11:06","date_gmt":"2025-12-22T10:11:06","guid":{"rendered":"https:\/\/machpin.com\/?post_type=product&#038;p=130"},"modified":"2025-12-22T17:21:20","modified_gmt":"2025-12-22T10:21:20","slug":"cap-ket-noi-obd2-mongoose-su-dung-cho-ford-mazda-va-toyota-ket-noi-hoan-hao-voi-techstream-v18","status":"publish","type":"product","link":"https:\/\/machpin.com\/index.php\/san-pham\/cap-ket-noi-obd2-mongoose-su-dung-cho-ford-mazda-va-toyota-ket-noi-hoan-hao-voi-techstream-v18\/","title":{"rendered":"C\u00e1p k\u1ebft n\u1ed1i OBD2 Mongoose &#8211; s\u1eed d\u1ee5ng cho Ford &#8211; Mazda v\u00e0 Toyota, k\u1ebft n\u1ed1i ho\u00e0n h\u1ea3o v\u1edbi Techstream v18"},"content":{"rendered":"<p><img loading=\"lazy\" decoding=\"async\" class=\"alignnone size-medium wp-image-131\" src=\"https:\/\/machpin.com\/wp-content\/uploads\/2025\/12\/z7353543803388_944e3abf75c84bcbfe6384f2b0a3de21-225x300.jpg\" alt=\"\" width=\"225\" height=\"300\" srcset=\"https:\/\/machpin.com\/wp-content\/uploads\/2025\/12\/z7353543803388_944e3abf75c84bcbfe6384f2b0a3de21-225x300.jpg 225w, https:\/\/machpin.com\/wp-content\/uploads\/2025\/12\/z7353543803388_944e3abf75c84bcbfe6384f2b0a3de21-768x1024.jpg 768w, https:\/\/machpin.com\/wp-content\/uploads\/2025\/12\/z7353543803388_944e3abf75c84bcbfe6384f2b0a3de21-600x800.jpg 600w, https:\/\/machpin.com\/wp-content\/uploads\/2025\/12\/z7353543803388_944e3abf75c84bcbfe6384f2b0a3de21.jpg 960w\" sizes=\"auto, (max-width: 225px) 100vw, 225px\" \/> <img loading=\"lazy\" decoding=\"async\" class=\"alignnone size-medium wp-image-132\" src=\"https:\/\/machpin.com\/wp-content\/uploads\/2025\/12\/z7353543810799_e46b003b4dc1e678c04f28643670eecd-225x300.jpg\" alt=\"\" width=\"225\" height=\"300\" srcset=\"https:\/\/machpin.com\/wp-content\/uploads\/2025\/12\/z7353543810799_e46b003b4dc1e678c04f28643670eecd-225x300.jpg 225w, https:\/\/machpin.com\/wp-content\/uploads\/2025\/12\/z7353543810799_e46b003b4dc1e678c04f28643670eecd-768x1024.jpg 768w, https:\/\/machpin.com\/wp-content\/uploads\/2025\/12\/z7353543810799_e46b003b4dc1e678c04f28643670eecd-600x800.jpg 600w, https:\/\/machpin.com\/wp-content\/uploads\/2025\/12\/z7353543810799_e46b003b4dc1e678c04f28643670eecd.jpg 960w\" sizes=\"auto, (max-width: 225px) 100vw, 225px\" \/> <img loading=\"lazy\" decoding=\"async\" class=\"alignnone size-medium wp-image-133\" src=\"https:\/\/machpin.com\/wp-content\/uploads\/2025\/12\/z7353543816997_3ed0a5c00be7d2a02875586dc587197e-225x300.jpg\" alt=\"\" width=\"225\" height=\"300\" srcset=\"https:\/\/machpin.com\/wp-content\/uploads\/2025\/12\/z7353543816997_3ed0a5c00be7d2a02875586dc587197e-225x300.jpg 225w, https:\/\/machpin.com\/wp-content\/uploads\/2025\/12\/z7353543816997_3ed0a5c00be7d2a02875586dc587197e-768x1024.jpg 768w, https:\/\/machpin.com\/wp-content\/uploads\/2025\/12\/z7353543816997_3ed0a5c00be7d2a02875586dc587197e-600x800.jpg 600w, https:\/\/machpin.com\/wp-content\/uploads\/2025\/12\/z7353543816997_3ed0a5c00be7d2a02875586dc587197e.jpg 960w\" sizes=\"auto, (max-width: 225px) 100vw, 225px\" \/> <img loading=\"lazy\" decoding=\"async\" class=\"alignnone size-medium wp-image-134\" src=\"https:\/\/machpin.com\/wp-content\/uploads\/2025\/12\/z7353545148744_10ab891557231cf9bf80ec5afde1645e-300x225.jpg\" alt=\"\" width=\"300\" height=\"225\" srcset=\"https:\/\/machpin.com\/wp-content\/uploads\/2025\/12\/z7353545148744_10ab891557231cf9bf80ec5afde1645e-300x225.jpg 300w, https:\/\/machpin.com\/wp-content\/uploads\/2025\/12\/z7353545148744_10ab891557231cf9bf80ec5afde1645e-1024x766.jpg 1024w, https:\/\/machpin.com\/wp-content\/uploads\/2025\/12\/z7353545148744_10ab891557231cf9bf80ec5afde1645e-768x575.jpg 768w, https:\/\/machpin.com\/wp-content\/uploads\/2025\/12\/z7353545148744_10ab891557231cf9bf80ec5afde1645e-600x449.jpg 600w, https:\/\/machpin.com\/wp-content\/uploads\/2025\/12\/z7353545148744_10ab891557231cf9bf80ec5afde1645e.jpg 1280w\" sizes=\"auto, (max-width: 300px) 100vw, 300px\" \/> <img loading=\"lazy\" decoding=\"async\" class=\"alignnone size-medium wp-image-135\" src=\"https:\/\/machpin.com\/wp-content\/uploads\/2025\/12\/phan-mem-chan-doan-toyota-techstream-1-300x225.jpg\" alt=\"\" width=\"300\" height=\"225\" srcset=\"https:\/\/machpin.com\/wp-content\/uploads\/2025\/12\/phan-mem-chan-doan-toyota-techstream-1-300x225.jpg 300w, https:\/\/machpin.com\/wp-content\/uploads\/2025\/12\/phan-mem-chan-doan-toyota-techstream-1-768x576.jpg 768w, https:\/\/machpin.com\/wp-content\/uploads\/2025\/12\/phan-mem-chan-doan-toyota-techstream-1-600x450.jpg 600w, https:\/\/machpin.com\/wp-content\/uploads\/2025\/12\/phan-mem-chan-doan-toyota-techstream-1.jpg 1024w\" sizes=\"auto, (max-width: 300px) 100vw, 300px\" \/><\/p>\n","protected":false},"excerpt":{"rendered":"<p>S\u1ea3n ph\u1ea9m ch\u00ednh h\u00e3ng, \u0111\u1ea1t m\u1ecdi ti\u00eau chu\u1ea9n, k\u1ebft n\u1ed1i d\u1ec5 d\u00e0ng v\u1edbi TIS techstream: V18.00.008, li\u00ean h\u1ec7 qua k\u00eanh chat v\u1edbi shop \u0111\u1ec3 \u0111\u01b0\u1ee3c h\u01b0\u1edbng d\u1eabn c\u00e0i \u0111\u1eb7t c\u0169ng nh\u01b0 s\u1eed d\u1ee5ng.<\/p>\n<p>Tr\u1ecdng l\u01b0\u1ee3ng: 225g<\/p>\n<p>K\u00edch th\u01b0\u1edbc h\u1ed9p: 22x15x4cm<\/p>\n<p>S\u1ea3n ph\u1ea9m \u0111\u01b0\u1ee3c b\u1ea3o h\u00e0nh 06 th\u00e1ng.<\/p>\n<p>Danh s\u1ea1ch xe h\u1ed7 tr\u1ee3<\/p>\n<p>Jaguar trong kho\u1ea3ng 2005-2016<\/p>\n<p>Land Rover trong kho\u1ea3ng 2005-2016<\/p>\n<p>Toyota trong kho\u1ea3ng 1996-2022<\/p>\n<p>Volvo trong kho\u1ea3ng 1996-2013<\/p>\n<p>&nbsp;<\/p>\n<p>Phi\u00ean b\u1ea3n ph\u1ea7n m\u1ec1m<\/p>\n<p>JLR SDD : V165<\/p>\n<p>Volvo Vida : 2014D (Ch\u1ec9 l\u00e0m vi\u1ec7c tr\u00ean Windows 7 32 Bit)<\/p>\n<p>Toyota TIS techstream: V18.00.008<\/p>\n","protected":false},"featured_media":131,"comment_status":"open","ping_status":"closed","template":"","meta":[],"product_brand":[],"product_cat":[20],"product_tag":[],"class_list":{"0":"post-130","1":"product","2":"type-product","3":"status-publish","4":"has-post-thumbnail","6":"product_cat-thiet-bi-chuan-doan-va-sua-chua-xe-hoi","8":"first","9":"instock","10":"shipping-taxable","11":"purchasable","12":"product-type-variable"},"_links":{"self":[{"href":"https:\/\/machpin.com\/index.php\/wp-json\/wp\/v2\/product\/130","targetHints":{"allow":["GET"]}}],"collection":[{"href":"https:\/\/machpin.com\/index.php\/wp-json\/wp\/v2\/product"}],"about":[{"href":"https:\/\/machpin.com\/index.php\/wp-json\/wp\/v2\/types\/product"}],"replies":[{"embeddable":true,"href":"https:\/\/machpin.com\/index.php\/wp-json\/wp\/v2\/comments?post=130"}],"wp:featuredmedia":[{"embeddable":true,"href":"https:\/\/machpin.com\/index.php\/wp-json\/wp\/v2\/media\/131"}],"wp:attachment":[{"href":"https:\/\/machpin.com\/index.php\/wp-json\/wp\/v2\/media?parent=130"}],"wp:term":[{"taxonomy":"product_brand","embeddable":true,"href":"https:\/\/machpin.com\/index.php\/wp-json\/wp\/v2\/product_brand?post=130"},{"taxonomy":"product_cat","embeddable":true,"href":"https:\/\/machpin.com\/index.php\/wp-json\/wp\/v2\/product_cat?post=130"},{"taxonomy":"product_tag","embeddable":true,"href":"https:\/\/machpin.com\/index.php\/wp-json\/wp\/v2\/product_tag?post=130"}],"curies":[{"name":"wp","href":"https:\/\/api.w.org\/{rel}","templated":true}]}}