{"id":140,"date":"2025-12-23T14:06:10","date_gmt":"2025-12-23T07:06:10","guid":{"rendered":"https:\/\/machpin.com\/?post_type=product&#038;p=140"},"modified":"2025-12-23T14:14:34","modified_gmt":"2025-12-23T07:14:34","slug":"140","status":"publish","type":"product","link":"https:\/\/machpin.com\/index.php\/san-pham\/140\/","title":{"rendered":"V\u1ecf m\u1ea1ch pin h\u00fat b\u1ee5i c\u1ea7m tay Dyson v6, v7, v8, v10 \u0111\u00e3 m\u1edf kho\u00e1 v\u0129nh vi\u1ec5n"},"content":{"rendered":"<p><img loading=\"lazy\" decoding=\"async\" class=\"alignnone size-medium wp-image-157\" src=\"https:\/\/machpin.com\/wp-content\/uploads\/2025\/12\/z7356411957688_6dc7974c0c1e3ff9afd7b72031657e86-225x300.jpg\" alt=\"\" width=\"225\" height=\"300\" \/> <img loading=\"lazy\" decoding=\"async\" class=\"alignnone size-medium wp-image-156\" src=\"https:\/\/machpin.com\/wp-content\/uploads\/2025\/12\/z7356411945558_192edae35353ebe178e5270ac9eef39e-225x300.jpg\" alt=\"\" width=\"225\" height=\"300\" srcset=\"https:\/\/machpin.com\/wp-content\/uploads\/2025\/12\/z7356411945558_192edae35353ebe178e5270ac9eef39e-225x300.jpg 225w, https:\/\/machpin.com\/wp-content\/uploads\/2025\/12\/z7356411945558_192edae35353ebe178e5270ac9eef39e-767x1024.jpg 767w, https:\/\/machpin.com\/wp-content\/uploads\/2025\/12\/z7356411945558_192edae35353ebe178e5270ac9eef39e-768x1025.jpg 768w, https:\/\/machpin.com\/wp-content\/uploads\/2025\/12\/z7356411945558_192edae35353ebe178e5270ac9eef39e-600x801.jpg 600w, https:\/\/machpin.com\/wp-content\/uploads\/2025\/12\/z7356411945558_192edae35353ebe178e5270ac9eef39e.jpg 956w\" sizes=\"auto, (max-width: 225px) 100vw, 225px\" \/> <img loading=\"lazy\" decoding=\"async\" class=\"alignnone size-medium wp-image-155\" src=\"https:\/\/machpin.com\/wp-content\/uploads\/2025\/12\/z6276997699514_664c4cd060717638a99619ddea3eb0f6-300x225.jpg\" alt=\"\" width=\"300\" height=\"225\" srcset=\"https:\/\/machpin.com\/wp-content\/uploads\/2025\/12\/z6276997699514_664c4cd060717638a99619ddea3eb0f6-300x225.jpg 300w, https:\/\/machpin.com\/wp-content\/uploads\/2025\/12\/z6276997699514_664c4cd060717638a99619ddea3eb0f6-1024x768.jpg 1024w, https:\/\/machpin.com\/wp-content\/uploads\/2025\/12\/z6276997699514_664c4cd060717638a99619ddea3eb0f6-768x576.jpg 768w, https:\/\/machpin.com\/wp-content\/uploads\/2025\/12\/z6276997699514_664c4cd060717638a99619ddea3eb0f6-600x450.jpg 600w, https:\/\/machpin.com\/wp-content\/uploads\/2025\/12\/z6276997699514_664c4cd060717638a99619ddea3eb0f6.jpg 1280w\" sizes=\"auto, (max-width: 300px) 100vw, 300px\" \/> <img loading=\"lazy\" decoding=\"async\" class=\"alignnone size-medium wp-image-154\" src=\"https:\/\/machpin.com\/wp-content\/uploads\/2025\/12\/z6256144297904_05e63b2604de0570581d103b7fa683ff-225x300.jpg\" alt=\"\" width=\"225\" height=\"300\" srcset=\"https:\/\/machpin.com\/wp-content\/uploads\/2025\/12\/z6256144297904_05e63b2604de0570581d103b7fa683ff-225x300.jpg 225w, https:\/\/machpin.com\/wp-content\/uploads\/2025\/12\/z6256144297904_05e63b2604de0570581d103b7fa683ff-768x1024.jpg 768w, https:\/\/machpin.com\/wp-content\/uploads\/2025\/12\/z6256144297904_05e63b2604de0570581d103b7fa683ff-600x800.jpg 600w, https:\/\/machpin.com\/wp-content\/uploads\/2025\/12\/z6256144297904_05e63b2604de0570581d103b7fa683ff.jpg 960w\" sizes=\"auto, (max-width: 225px) 100vw, 225px\" \/> <img loading=\"lazy\" decoding=\"async\" class=\"alignnone size-medium wp-image-153\" src=\"https:\/\/machpin.com\/wp-content\/uploads\/2025\/12\/z6170674138411_a8397dd58d56371caf86907f4fb89377-225x300.jpg\" alt=\"\" width=\"225\" height=\"300\" srcset=\"https:\/\/machpin.com\/wp-content\/uploads\/2025\/12\/z6170674138411_a8397dd58d56371caf86907f4fb89377-225x300.jpg 225w, https:\/\/machpin.com\/wp-content\/uploads\/2025\/12\/z6170674138411_a8397dd58d56371caf86907f4fb89377-768x1024.jpg 768w, https:\/\/machpin.com\/wp-content\/uploads\/2025\/12\/z6170674138411_a8397dd58d56371caf86907f4fb89377-600x800.jpg 600w, https:\/\/machpin.com\/wp-content\/uploads\/2025\/12\/z6170674138411_a8397dd58d56371caf86907f4fb89377.jpg 960w\" sizes=\"auto, (max-width: 225px) 100vw, 225px\" \/> <img loading=\"lazy\" decoding=\"async\" class=\"alignnone size-medium wp-image-151\" src=\"https:\/\/machpin.com\/wp-content\/uploads\/2025\/12\/z6131980305625_9a3f069066e59e8bcab4d30869fe4477-300x250.jpg\" alt=\"\" width=\"300\" height=\"250\" srcset=\"https:\/\/machpin.com\/wp-content\/uploads\/2025\/12\/z6131980305625_9a3f069066e59e8bcab4d30869fe4477-300x250.jpg 300w, https:\/\/machpin.com\/wp-content\/uploads\/2025\/12\/z6131980305625_9a3f069066e59e8bcab4d30869fe4477-1024x855.jpg 1024w, https:\/\/machpin.com\/wp-content\/uploads\/2025\/12\/z6131980305625_9a3f069066e59e8bcab4d30869fe4477-768x641.jpg 768w, https:\/\/machpin.com\/wp-content\/uploads\/2025\/12\/z6131980305625_9a3f069066e59e8bcab4d30869fe4477-600x501.jpg 600w, https:\/\/machpin.com\/wp-content\/uploads\/2025\/12\/z6131980305625_9a3f069066e59e8bcab4d30869fe4477.jpg 1169w\" sizes=\"auto, (max-width: 300px) 100vw, 300px\" \/> <img loading=\"lazy\" decoding=\"async\" class=\"alignnone size-medium wp-image-150\" src=\"https:\/\/machpin.com\/wp-content\/uploads\/2025\/12\/errorcode-140x300.jpg\" alt=\"\" width=\"140\" height=\"300\" srcset=\"https:\/\/machpin.com\/wp-content\/uploads\/2025\/12\/errorcode-140x300.jpg 140w, https:\/\/machpin.com\/wp-content\/uploads\/2025\/12\/errorcode-479x1024.jpg 479w, https:\/\/machpin.com\/wp-content\/uploads\/2025\/12\/errorcode-768x1643.jpg 768w, https:\/\/machpin.com\/wp-content\/uploads\/2025\/12\/errorcode-718x1536.jpg 718w, https:\/\/machpin.com\/wp-content\/uploads\/2025\/12\/errorcode-600x1284.jpg 600w, https:\/\/machpin.com\/wp-content\/uploads\/2025\/12\/errorcode.jpg 872w\" sizes=\"auto, (max-width: 140px) 100vw, 140px\" \/> <img loading=\"lazy\" decoding=\"async\" class=\"alignnone size-medium wp-image-143\" src=\"https:\/\/machpin.com\/wp-content\/uploads\/2025\/12\/3-300x218.jpg\" alt=\"\" width=\"300\" height=\"218\" srcset=\"https:\/\/machpin.com\/wp-content\/uploads\/2025\/12\/3-300x218.jpg 300w, https:\/\/machpin.com\/wp-content\/uploads\/2025\/12\/3-768x559.jpg 768w, https:\/\/machpin.com\/wp-content\/uploads\/2025\/12\/3-600x437.jpg 600w, https:\/\/machpin.com\/wp-content\/uploads\/2025\/12\/3.jpg 960w\" sizes=\"auto, (max-width: 300px) 100vw, 300px\" \/> <img loading=\"lazy\" decoding=\"async\" class=\"alignnone size-medium wp-image-141\" src=\"https:\/\/machpin.com\/wp-content\/uploads\/2025\/12\/1-2-300x184.jpg\" alt=\"\" width=\"300\" height=\"184\" srcset=\"https:\/\/machpin.com\/wp-content\/uploads\/2025\/12\/1-2-300x184.jpg 300w, https:\/\/machpin.com\/wp-content\/uploads\/2025\/12\/1-2-768x470.jpg 768w, https:\/\/machpin.com\/wp-content\/uploads\/2025\/12\/1-2-600x368.jpg 600w, https:\/\/machpin.com\/wp-content\/uploads\/2025\/12\/1-2.jpg 960w\" sizes=\"auto, (max-width: 300px) 100vw, 300px\" \/><\/p>\n<p>\u0110\u00e2y l\u00e0 s\u1ea3n ph\u1ea9m kh\u00e1 kh\u00f3 s\u1eed d\u1ee5ng, khuy\u1ebfn c\u00e1o c\u00e1c PIN TH\u1ee6 newbie kh\u00f4ng n\u00ean mua.<\/p>\n<p>M\u1ea1ch V6 v\u1edbi V7 ch\u1ec9 kh\u00e1c nhau c\u00f4ng t\u1eafc t\u1eeb, n\u00ean c\u00f3 th\u1ec3 l\u1eafp l\u1eabn V6 cho V7 (kh\u00f4ng th\u1ec3 ng\u01b0\u1ee3c l\u1ea1i v\u00ec k\u00edch th\u01b0\u1edbc v\u1ecf &#8211; m\u1ea1ch)<\/p>\n<p>V6, V7, V10: m\u1edf kho\u00e1 v\u0129nh vi\u1ec5n.<\/p>\n<p>V8: ch\u1ec9 reset kh\u00f4ng m\u1edf kho\u00e1 v\u0129nh vi\u00ean n\u00ean khi pin th\u1ee7 d\u00f9ng n\u1ec1n c\u1ea9n tr\u1ecdng. V8a: \u0110\u1ea7u kh\u1ea5c, V8b: \u0110\u1ea7u v\u00e1t<\/p>\n","protected":false},"excerpt":{"rendered":"<p>\u0110\u00e2y l\u00e0 s\u1ea3n ph\u1ea9m kh\u00e1 kh\u00f3 s\u1eed d\u1ee5ng, khuy\u1ebfn c\u00e1o c\u00e1c PIN TH\u1ee6 newbie kh\u00f4ng n\u00ean mua. M\u1ea1ch V6 v\u1edbi V7 ch\u1ec9 kh\u00e1c nhau c\u00f4ng t\u1eafc t\u1eeb, n\u00ean c\u00f3 th\u1ec3 l\u1eafp l\u1eabn V6 cho V7 (kh\u00f4ng th\u1ec3 ng\u01b0\u1ee3c l\u1ea1i v\u00ec k\u00edch th\u01b0\u1edbc v\u1ecf &#8211; m\u1ea1ch) V6, V7, V10: m\u1edf kho\u00e1 v\u0129nh vi\u1ec5n. V8: ch\u1ec9 reset [&hellip;]<\/p>\n","protected":false},"featured_media":157,"comment_status":"open","ping_status":"closed","template":"","meta":[],"product_brand":[],"product_cat":[21],"product_tag":[],"class_list":{"0":"post-140","1":"product","2":"type-product","3":"status-publish","4":"has-post-thumbnail","6":"product_cat-dyson","8":"first","9":"instock","10":"shipping-taxable","11":"purchasable","12":"product-type-variable"},"_links":{"self":[{"href":"https:\/\/machpin.com\/index.php\/wp-json\/wp\/v2\/product\/140","targetHints":{"allow":["GET"]}}],"collection":[{"href":"https:\/\/machpin.com\/index.php\/wp-json\/wp\/v2\/product"}],"about":[{"href":"https:\/\/machpin.com\/index.php\/wp-json\/wp\/v2\/types\/product"}],"replies":[{"embeddable":true,"href":"https:\/\/machpin.com\/index.php\/wp-json\/wp\/v2\/comments?post=140"}],"wp:featuredmedia":[{"embeddable":true,"href":"https:\/\/machpin.com\/index.php\/wp-json\/wp\/v2\/media\/157"}],"wp:attachment":[{"href":"https:\/\/machpin.com\/index.php\/wp-json\/wp\/v2\/media?parent=140"}],"wp:term":[{"taxonomy":"product_brand","embeddable":true,"href":"https:\/\/machpin.com\/index.php\/wp-json\/wp\/v2\/product_brand?post=140"},{"taxonomy":"product_cat","embeddable":true,"href":"https:\/\/machpin.com\/index.php\/wp-json\/wp\/v2\/product_cat?post=140"},{"taxonomy":"product_tag","embeddable":true,"href":"https:\/\/machpin.com\/index.php\/wp-json\/wp\/v2\/product_tag?post=140"}],"curies":[{"name":"wp","href":"https:\/\/api.w.org\/{rel}","templated":true}]}}