{"id":206,"date":"2025-12-23T15:19:12","date_gmt":"2025-12-23T08:19:12","guid":{"rendered":"https:\/\/machpin.com\/?post_type=product&#038;p=206"},"modified":"2025-12-23T15:19:53","modified_gmt":"2025-12-23T08:19:53","slug":"tuong-ao-irobot-roomba-500-600-700-800-900-da-qua-su-dung-hang-nhap-tu-nhat-ve","status":"publish","type":"product","link":"https:\/\/machpin.com\/index.php\/san-pham\/tuong-ao-irobot-roomba-500-600-700-800-900-da-qua-su-dung-hang-nhap-tu-nhat-ve\/","title":{"rendered":"T\u01b0\u1eddng \u1ea3o iRobot roomba 500 600 700 800 900 \u0111\u00e3 qua s\u1eed d\u1ee5ng (h\u00e0ng nh\u1eadp t\u1eeb Nh\u1eadt v\u1ec1)"},"content":{"rendered":"<p><img loading=\"lazy\" decoding=\"async\" class=\"alignnone size-medium wp-image-207\" src=\"https:\/\/machpin.com\/wp-content\/uploads\/2025\/12\/0-300x173.jpg\" alt=\"\" width=\"300\" height=\"173\" srcset=\"https:\/\/machpin.com\/wp-content\/uploads\/2025\/12\/0-300x173.jpg 300w, https:\/\/machpin.com\/wp-content\/uploads\/2025\/12\/0-1024x591.jpg 1024w, https:\/\/machpin.com\/wp-content\/uploads\/2025\/12\/0-768x443.jpg 768w, https:\/\/machpin.com\/wp-content\/uploads\/2025\/12\/0-600x346.jpg 600w, https:\/\/machpin.com\/wp-content\/uploads\/2025\/12\/0.jpg 1280w\" sizes=\"auto, (max-width: 300px) 100vw, 300px\" \/> <img loading=\"lazy\" decoding=\"async\" class=\"alignnone size-medium wp-image-208\" src=\"https:\/\/machpin.com\/wp-content\/uploads\/2025\/12\/1-3-225x300.jpg\" alt=\"\" width=\"225\" height=\"300\" srcset=\"https:\/\/machpin.com\/wp-content\/uploads\/2025\/12\/1-3-225x300.jpg 225w, https:\/\/machpin.com\/wp-content\/uploads\/2025\/12\/1-3-768x1024.jpg 768w, https:\/\/machpin.com\/wp-content\/uploads\/2025\/12\/1-3-600x800.jpg 600w, https:\/\/machpin.com\/wp-content\/uploads\/2025\/12\/1-3.jpg 960w\" sizes=\"auto, (max-width: 225px) 100vw, 225px\" \/> <img loading=\"lazy\" decoding=\"async\" class=\"alignnone size-medium wp-image-209\" src=\"https:\/\/machpin.com\/wp-content\/uploads\/2025\/12\/2-225x300.jpg\" alt=\"\" width=\"225\" height=\"300\" srcset=\"https:\/\/machpin.com\/wp-content\/uploads\/2025\/12\/2-225x300.jpg 225w, https:\/\/machpin.com\/wp-content\/uploads\/2025\/12\/2-768x1024.jpg 768w, https:\/\/machpin.com\/wp-content\/uploads\/2025\/12\/2-600x800.jpg 600w, https:\/\/machpin.com\/wp-content\/uploads\/2025\/12\/2.jpg 960w\" sizes=\"auto, (max-width: 225px) 100vw, 225px\" \/> <img loading=\"lazy\" decoding=\"async\" class=\"alignnone size-medium wp-image-210\" src=\"https:\/\/machpin.com\/wp-content\/uploads\/2025\/12\/3-1-225x300.jpg\" alt=\"\" width=\"225\" height=\"300\" srcset=\"https:\/\/machpin.com\/wp-content\/uploads\/2025\/12\/3-1-225x300.jpg 225w, https:\/\/machpin.com\/wp-content\/uploads\/2025\/12\/3-1-768x1024.jpg 768w, https:\/\/machpin.com\/wp-content\/uploads\/2025\/12\/3-1-600x800.jpg 600w, https:\/\/machpin.com\/wp-content\/uploads\/2025\/12\/3-1.jpg 960w\" sizes=\"auto, (max-width: 225px) 100vw, 225px\" \/><\/p>\n","protected":false},"excerpt":{"rendered":"<p>T\u01b0\u1eddng \u1ea3o (Virtual Wall) c\u1ee7a h\u00e3ng iRobot, c\u00f3 2 lo\u1ea1i m\u1eadp &#8211; tr\u1ee5, tu\u1ef3 thu\u1ed9c v\u00e0o robot c\u1ee7a qu\u00fd kh\u00e1ch ph\u00f9 h\u1ee3p v\u1edbi lo\u1ea1i t\u01b0\u1eddng \u1ea3o n\u00e0o.<\/p>\n","protected":false},"featured_media":210,"comment_status":"open","ping_status":"closed","template":"","meta":[],"product_brand":[],"product_cat":[23],"product_tag":[],"class_list":{"0":"post-206","1":"product","2":"type-product","3":"status-publish","4":"has-post-thumbnail","6":"product_cat-phu-kien-robot","8":"first","9":"instock","10":"shipping-taxable","11":"purchasable","12":"product-type-variable"},"_links":{"self":[{"href":"https:\/\/machpin.com\/index.php\/wp-json\/wp\/v2\/product\/206","targetHints":{"allow":["GET"]}}],"collection":[{"href":"https:\/\/machpin.com\/index.php\/wp-json\/wp\/v2\/product"}],"about":[{"href":"https:\/\/machpin.com\/index.php\/wp-json\/wp\/v2\/types\/product"}],"replies":[{"embeddable":true,"href":"https:\/\/machpin.com\/index.php\/wp-json\/wp\/v2\/comments?post=206"}],"wp:featuredmedia":[{"embeddable":true,"href":"https:\/\/machpin.com\/index.php\/wp-json\/wp\/v2\/media\/210"}],"wp:attachment":[{"href":"https:\/\/machpin.com\/index.php\/wp-json\/wp\/v2\/media?parent=206"}],"wp:term":[{"taxonomy":"product_brand","embeddable":true,"href":"https:\/\/machpin.com\/index.php\/wp-json\/wp\/v2\/product_brand?post=206"},{"taxonomy":"product_cat","embeddable":true,"href":"https:\/\/machpin.com\/index.php\/wp-json\/wp\/v2\/product_cat?post=206"},{"taxonomy":"product_tag","embeddable":true,"href":"https:\/\/machpin.com\/index.php\/wp-json\/wp\/v2\/product_tag?post=206"}],"curies":[{"name":"wp","href":"https:\/\/api.w.org\/{rel}","templated":true}]}}