{"id":215,"date":"2025-12-23T15:32:51","date_gmt":"2025-12-23T08:32:51","guid":{"rendered":"https:\/\/machpin.com\/?post_type=product&#038;p=215"},"modified":"2025-12-23T15:34:16","modified_gmt":"2025-12-23T08:34:16","slug":"sac-hut-bui-cam-tay-dyson-v6-v7-v8-hang-bai-chinh-hang-v10-v11-v12-v15-hang-oem-khong-chinh-hang","status":"publish","type":"product","link":"https:\/\/machpin.com\/index.php\/san-pham\/sac-hut-bui-cam-tay-dyson-v6-v7-v8-hang-bai-chinh-hang-v10-v11-v12-v15-hang-oem-khong-chinh-hang\/","title":{"rendered":"S\u1ea1c h\u00fat b\u1ee5i c\u1ea7m tay Dyson v6 v7 v8 &#8211; h\u00e3ng b\u00e3i (ch\u00ednh h\u00e3ng), v10 v11 v12 v15 &#8211; h\u00e0ng OEM (kh\u00f4ng ch\u00ednh h\u00e3ng)"},"content":{"rendered":"<p><img loading=\"lazy\" decoding=\"async\" class=\"alignnone size-medium wp-image-216\" src=\"https:\/\/machpin.com\/wp-content\/uploads\/2025\/12\/z7356773357930_bf33a2e68f4cf4e45f3748ccfdb0b895-225x300.jpg\" alt=\"\" width=\"225\" height=\"300\" srcset=\"https:\/\/machpin.com\/wp-content\/uploads\/2025\/12\/z7356773357930_bf33a2e68f4cf4e45f3748ccfdb0b895-225x300.jpg 225w, https:\/\/machpin.com\/wp-content\/uploads\/2025\/12\/z7356773357930_bf33a2e68f4cf4e45f3748ccfdb0b895-768x1024.jpg 768w, https:\/\/machpin.com\/wp-content\/uploads\/2025\/12\/z7356773357930_bf33a2e68f4cf4e45f3748ccfdb0b895-600x800.jpg 600w, https:\/\/machpin.com\/wp-content\/uploads\/2025\/12\/z7356773357930_bf33a2e68f4cf4e45f3748ccfdb0b895.jpg 960w\" sizes=\"auto, (max-width: 225px) 100vw, 225px\" \/> <img loading=\"lazy\" decoding=\"async\" class=\"alignnone size-medium wp-image-217\" src=\"https:\/\/machpin.com\/wp-content\/uploads\/2025\/12\/z7356773371386_96f8381fc743e6abccd9f30e0842579b-225x300.jpg\" alt=\"\" width=\"225\" height=\"300\" srcset=\"https:\/\/machpin.com\/wp-content\/uploads\/2025\/12\/z7356773371386_96f8381fc743e6abccd9f30e0842579b-225x300.jpg 225w, https:\/\/machpin.com\/wp-content\/uploads\/2025\/12\/z7356773371386_96f8381fc743e6abccd9f30e0842579b-768x1024.jpg 768w, https:\/\/machpin.com\/wp-content\/uploads\/2025\/12\/z7356773371386_96f8381fc743e6abccd9f30e0842579b-600x800.jpg 600w, https:\/\/machpin.com\/wp-content\/uploads\/2025\/12\/z7356773371386_96f8381fc743e6abccd9f30e0842579b.jpg 960w\" sizes=\"auto, (max-width: 225px) 100vw, 225px\" \/> <img loading=\"lazy\" decoding=\"async\" class=\"alignnone size-medium wp-image-218\" src=\"https:\/\/machpin.com\/wp-content\/uploads\/2025\/12\/z7356773481010_c56a3434aa0b62f073fb223677a8ac04-225x300.jpg\" alt=\"\" width=\"225\" height=\"300\" srcset=\"https:\/\/machpin.com\/wp-content\/uploads\/2025\/12\/z7356773481010_c56a3434aa0b62f073fb223677a8ac04-225x300.jpg 225w, https:\/\/machpin.com\/wp-content\/uploads\/2025\/12\/z7356773481010_c56a3434aa0b62f073fb223677a8ac04-768x1024.jpg 768w, https:\/\/machpin.com\/wp-content\/uploads\/2025\/12\/z7356773481010_c56a3434aa0b62f073fb223677a8ac04-600x800.jpg 600w, https:\/\/machpin.com\/wp-content\/uploads\/2025\/12\/z7356773481010_c56a3434aa0b62f073fb223677a8ac04.jpg 960w\" sizes=\"auto, (max-width: 225px) 100vw, 225px\" \/> <img loading=\"lazy\" decoding=\"async\" class=\"alignnone size-medium wp-image-219\" src=\"https:\/\/machpin.com\/wp-content\/uploads\/2025\/12\/z7356773609353_9b068871cb49b8d50275a92916a15cb5-225x300.jpg\" alt=\"\" width=\"225\" height=\"300\" srcset=\"https:\/\/machpin.com\/wp-content\/uploads\/2025\/12\/z7356773609353_9b068871cb49b8d50275a92916a15cb5-225x300.jpg 225w, https:\/\/machpin.com\/wp-content\/uploads\/2025\/12\/z7356773609353_9b068871cb49b8d50275a92916a15cb5-768x1024.jpg 768w, https:\/\/machpin.com\/wp-content\/uploads\/2025\/12\/z7356773609353_9b068871cb49b8d50275a92916a15cb5-600x800.jpg 600w, https:\/\/machpin.com\/wp-content\/uploads\/2025\/12\/z7356773609353_9b068871cb49b8d50275a92916a15cb5.jpg 960w\" sizes=\"auto, (max-width: 225px) 100vw, 225px\" \/> <img loading=\"lazy\" decoding=\"async\" class=\"alignnone size-medium wp-image-220\" src=\"https:\/\/machpin.com\/wp-content\/uploads\/2025\/12\/z7356773769351_7e2e09089d26e1efe6c13e404fe80db5-225x300.jpg\" alt=\"\" width=\"225\" height=\"300\" srcset=\"https:\/\/machpin.com\/wp-content\/uploads\/2025\/12\/z7356773769351_7e2e09089d26e1efe6c13e404fe80db5-225x300.jpg 225w, https:\/\/machpin.com\/wp-content\/uploads\/2025\/12\/z7356773769351_7e2e09089d26e1efe6c13e404fe80db5-768x1024.jpg 768w, https:\/\/machpin.com\/wp-content\/uploads\/2025\/12\/z7356773769351_7e2e09089d26e1efe6c13e404fe80db5-600x800.jpg 600w, https:\/\/machpin.com\/wp-content\/uploads\/2025\/12\/z7356773769351_7e2e09089d26e1efe6c13e404fe80db5.jpg 960w\" sizes=\"auto, (max-width: 225px) 100vw, 225px\" \/><\/p>\n","protected":false},"excerpt":{"rendered":"<p>C\u00e1c s\u1ea3n ph\u1ea9m s\u1eed d\u1ee5ng di\u1ec7n 100-240v, ph\u00f9 h\u1ee3p v\u1edbi \u0111i\u1ec7n l\u01b0\u1edbi Vi\u1ec7t Nam.<\/p>\n","protected":false},"featured_media":216,"comment_status":"open","ping_status":"closed","template":"","meta":[],"product_brand":[],"product_cat":[21],"product_tag":[],"class_list":{"0":"post-215","1":"product","2":"type-product","3":"status-publish","4":"has-post-thumbnail","6":"product_cat-dyson","8":"first","9":"instock","10":"shipping-taxable","11":"purchasable","12":"product-type-variable"},"_links":{"self":[{"href":"https:\/\/machpin.com\/index.php\/wp-json\/wp\/v2\/product\/215","targetHints":{"allow":["GET"]}}],"collection":[{"href":"https:\/\/machpin.com\/index.php\/wp-json\/wp\/v2\/product"}],"about":[{"href":"https:\/\/machpin.com\/index.php\/wp-json\/wp\/v2\/types\/product"}],"replies":[{"embeddable":true,"href":"https:\/\/machpin.com\/index.php\/wp-json\/wp\/v2\/comments?post=215"}],"wp:featuredmedia":[{"embeddable":true,"href":"https:\/\/machpin.com\/index.php\/wp-json\/wp\/v2\/media\/216"}],"wp:attachment":[{"href":"https:\/\/machpin.com\/index.php\/wp-json\/wp\/v2\/media?parent=215"}],"wp:term":[{"taxonomy":"product_brand","embeddable":true,"href":"https:\/\/machpin.com\/index.php\/wp-json\/wp\/v2\/product_brand?post=215"},{"taxonomy":"product_cat","embeddable":true,"href":"https:\/\/machpin.com\/index.php\/wp-json\/wp\/v2\/product_cat?post=215"},{"taxonomy":"product_tag","embeddable":true,"href":"https:\/\/machpin.com\/index.php\/wp-json\/wp\/v2\/product_tag?post=215"}],"curies":[{"name":"wp","href":"https:\/\/api.w.org\/{rel}","templated":true}]}}