{"id":253,"date":"2025-12-23T16:36:18","date_gmt":"2025-12-23T09:36:18","guid":{"rendered":"https:\/\/machpin.com\/?post_type=product&#038;p=253"},"modified":"2025-12-23T16:36:43","modified_gmt":"2025-12-23T09:36:43","slug":"vo-mach-pin-may-can-bang-laser-loai-2-cell-4-cell-co-kem-khay-dong-pin-tien-loi","status":"publish","type":"product","link":"https:\/\/machpin.com\/index.php\/san-pham\/vo-mach-pin-may-can-bang-laser-loai-2-cell-4-cell-co-kem-khay-dong-pin-tien-loi\/","title":{"rendered":"V\u1ecf m\u1ea1ch pin m\u00e1y c\u00e2n b\u1eb1ng laser lo\u1ea1i 2 cell, 4 cell c\u00f3 k\u00e8m khay \u0111\u00f3ng pin ti\u1ec7n l\u1ee3i"},"content":{"rendered":"<p><img loading=\"lazy\" decoding=\"async\" class=\"alignnone size-medium wp-image-254\" src=\"https:\/\/machpin.com\/wp-content\/uploads\/2025\/12\/z6436695789925_e8ff6f52cc497ade73b26bdd81852fbd-300x225.jpg\" alt=\"\" width=\"300\" height=\"225\" srcset=\"https:\/\/machpin.com\/wp-content\/uploads\/2025\/12\/z6436695789925_e8ff6f52cc497ade73b26bdd81852fbd-300x225.jpg 300w, https:\/\/machpin.com\/wp-content\/uploads\/2025\/12\/z6436695789925_e8ff6f52cc497ade73b26bdd81852fbd-1024x767.jpg 1024w, https:\/\/machpin.com\/wp-content\/uploads\/2025\/12\/z6436695789925_e8ff6f52cc497ade73b26bdd81852fbd-768x575.jpg 768w, https:\/\/machpin.com\/wp-content\/uploads\/2025\/12\/z6436695789925_e8ff6f52cc497ade73b26bdd81852fbd-600x450.jpg 600w, https:\/\/machpin.com\/wp-content\/uploads\/2025\/12\/z6436695789925_e8ff6f52cc497ade73b26bdd81852fbd.jpg 1276w\" sizes=\"auto, (max-width: 300px) 100vw, 300px\" \/> <img loading=\"lazy\" decoding=\"async\" class=\"alignnone size-medium wp-image-255\" src=\"https:\/\/machpin.com\/wp-content\/uploads\/2025\/12\/z6436695794800_0906e9e6dc7088f1c1e81c2f13c87fcc-225x300.jpg\" alt=\"\" width=\"225\" height=\"300\" srcset=\"https:\/\/machpin.com\/wp-content\/uploads\/2025\/12\/z6436695794800_0906e9e6dc7088f1c1e81c2f13c87fcc-225x300.jpg 225w, https:\/\/machpin.com\/wp-content\/uploads\/2025\/12\/z6436695794800_0906e9e6dc7088f1c1e81c2f13c87fcc-767x1024.jpg 767w, https:\/\/machpin.com\/wp-content\/uploads\/2025\/12\/z6436695794800_0906e9e6dc7088f1c1e81c2f13c87fcc-768x1025.jpg 768w, https:\/\/machpin.com\/wp-content\/uploads\/2025\/12\/z6436695794800_0906e9e6dc7088f1c1e81c2f13c87fcc-600x801.jpg 600w, https:\/\/machpin.com\/wp-content\/uploads\/2025\/12\/z6436695794800_0906e9e6dc7088f1c1e81c2f13c87fcc.jpg 956w\" sizes=\"auto, (max-width: 225px) 100vw, 225px\" \/> <img loading=\"lazy\" decoding=\"async\" class=\"alignnone size-medium wp-image-256\" src=\"https:\/\/machpin.com\/wp-content\/uploads\/2025\/12\/Screenshot-2025-04-18-070515-205x300.png\" alt=\"\" width=\"205\" height=\"300\" \/> <img loading=\"lazy\" decoding=\"async\" class=\"alignnone size-medium wp-image-257\" src=\"https:\/\/machpin.com\/wp-content\/uploads\/2025\/12\/z6516126168696_4ca742feb55476c5b9486f2b60ad9f72-205x300.jpg\" alt=\"\" width=\"205\" height=\"300\" srcset=\"https:\/\/machpin.com\/wp-content\/uploads\/2025\/12\/z6516126168696_4ca742feb55476c5b9486f2b60ad9f72-205x300.jpg 205w, https:\/\/machpin.com\/wp-content\/uploads\/2025\/12\/z6516126168696_4ca742feb55476c5b9486f2b60ad9f72-701x1024.jpg 701w, https:\/\/machpin.com\/wp-content\/uploads\/2025\/12\/z6516126168696_4ca742feb55476c5b9486f2b60ad9f72-600x876.jpg 600w, https:\/\/machpin.com\/wp-content\/uploads\/2025\/12\/z6516126168696_4ca742feb55476c5b9486f2b60ad9f72.jpg 754w\" sizes=\"auto, (max-width: 205px) 100vw, 205px\" \/> <img loading=\"lazy\" decoding=\"async\" class=\"alignnone size-medium wp-image-258\" src=\"https:\/\/machpin.com\/wp-content\/uploads\/2025\/12\/z6516126174837_de693eb18369e7bbde72a192b2cb21c8-300x225.jpg\" alt=\"\" width=\"300\" height=\"225\" srcset=\"https:\/\/machpin.com\/wp-content\/uploads\/2025\/12\/z6516126174837_de693eb18369e7bbde72a192b2cb21c8-300x225.jpg 300w, https:\/\/machpin.com\/wp-content\/uploads\/2025\/12\/z6516126174837_de693eb18369e7bbde72a192b2cb21c8-1024x767.jpg 1024w, https:\/\/machpin.com\/wp-content\/uploads\/2025\/12\/z6516126174837_de693eb18369e7bbde72a192b2cb21c8-768x575.jpg 768w, https:\/\/machpin.com\/wp-content\/uploads\/2025\/12\/z6516126174837_de693eb18369e7bbde72a192b2cb21c8-600x450.jpg 600w, https:\/\/machpin.com\/wp-content\/uploads\/2025\/12\/z6516126174837_de693eb18369e7bbde72a192b2cb21c8.jpg 1276w\" sizes=\"auto, (max-width: 300px) 100vw, 300px\" \/> <img loading=\"lazy\" decoding=\"async\" class=\"alignnone size-medium wp-image-259\" src=\"https:\/\/machpin.com\/wp-content\/uploads\/2025\/12\/z6516126175390_02f82ed3c4699888ba589189f86b9c5b-300x225.jpg\" alt=\"\" width=\"300\" height=\"225\" srcset=\"https:\/\/machpin.com\/wp-content\/uploads\/2025\/12\/z6516126175390_02f82ed3c4699888ba589189f86b9c5b-300x225.jpg 300w, https:\/\/machpin.com\/wp-content\/uploads\/2025\/12\/z6516126175390_02f82ed3c4699888ba589189f86b9c5b-1024x767.jpg 1024w, https:\/\/machpin.com\/wp-content\/uploads\/2025\/12\/z6516126175390_02f82ed3c4699888ba589189f86b9c5b-768x575.jpg 768w, https:\/\/machpin.com\/wp-content\/uploads\/2025\/12\/z6516126175390_02f82ed3c4699888ba589189f86b9c5b-600x450.jpg 600w, https:\/\/machpin.com\/wp-content\/uploads\/2025\/12\/z6516126175390_02f82ed3c4699888ba589189f86b9c5b.jpg 1276w\" sizes=\"auto, (max-width: 300px) 100vw, 300px\" \/> <img loading=\"lazy\" decoding=\"async\" class=\"alignnone size-medium wp-image-260\" src=\"https:\/\/machpin.com\/wp-content\/uploads\/2025\/12\/z6516126176569_8444d0e72d2f13c890fd77abd7070e85-214x300.jpg\" alt=\"\" width=\"214\" height=\"300\" srcset=\"https:\/\/machpin.com\/wp-content\/uploads\/2025\/12\/z6516126176569_8444d0e72d2f13c890fd77abd7070e85-214x300.jpg 214w, https:\/\/machpin.com\/wp-content\/uploads\/2025\/12\/z6516126176569_8444d0e72d2f13c890fd77abd7070e85-600x841.jpg 600w, https:\/\/machpin.com\/wp-content\/uploads\/2025\/12\/z6516126176569_8444d0e72d2f13c890fd77abd7070e85.jpg 714w\" sizes=\"auto, (max-width: 214px) 100vw, 214px\" \/> <img loading=\"lazy\" decoding=\"async\" class=\"alignnone size-medium wp-image-261\" src=\"https:\/\/machpin.com\/wp-content\/uploads\/2025\/12\/z6516126176665_9972d8b523a75c39d5ca617a73a507f1-225x300.jpg\" alt=\"\" width=\"225\" height=\"300\" srcset=\"https:\/\/machpin.com\/wp-content\/uploads\/2025\/12\/z6516126176665_9972d8b523a75c39d5ca617a73a507f1-225x300.jpg 225w, https:\/\/machpin.com\/wp-content\/uploads\/2025\/12\/z6516126176665_9972d8b523a75c39d5ca617a73a507f1-768x1024.jpg 768w, https:\/\/machpin.com\/wp-content\/uploads\/2025\/12\/z6516126176665_9972d8b523a75c39d5ca617a73a507f1-600x800.jpg 600w, https:\/\/machpin.com\/wp-content\/uploads\/2025\/12\/z6516126176665_9972d8b523a75c39d5ca617a73a507f1.jpg 960w\" sizes=\"auto, (max-width: 225px) 100vw, 225px\" \/> <img loading=\"lazy\" decoding=\"async\" class=\"alignnone size-medium wp-image-262\" src=\"https:\/\/machpin.com\/wp-content\/uploads\/2025\/12\/z6516126179387_4ea4cc57681db4c93af8824df7db6ca5-300x180.jpg\" alt=\"\" width=\"300\" height=\"180\" srcset=\"https:\/\/machpin.com\/wp-content\/uploads\/2025\/12\/z6516126179387_4ea4cc57681db4c93af8824df7db6ca5-300x180.jpg 300w, https:\/\/machpin.com\/wp-content\/uploads\/2025\/12\/z6516126179387_4ea4cc57681db4c93af8824df7db6ca5-1024x613.jpg 1024w, https:\/\/machpin.com\/wp-content\/uploads\/2025\/12\/z6516126179387_4ea4cc57681db4c93af8824df7db6ca5-768x460.jpg 768w, https:\/\/machpin.com\/wp-content\/uploads\/2025\/12\/z6516126179387_4ea4cc57681db4c93af8824df7db6ca5-600x359.jpg 600w, https:\/\/machpin.com\/wp-content\/uploads\/2025\/12\/z6516126179387_4ea4cc57681db4c93af8824df7db6ca5.jpg 1216w\" sizes=\"auto, (max-width: 300px) 100vw, 300px\" \/> <img loading=\"lazy\" decoding=\"async\" class=\"alignnone size-medium wp-image-263\" src=\"https:\/\/machpin.com\/wp-content\/uploads\/2025\/12\/z6516126183374_242e331cd870e872025bae0a007723b9-300x204.jpg\" alt=\"\" width=\"300\" height=\"204\" srcset=\"https:\/\/machpin.com\/wp-content\/uploads\/2025\/12\/z6516126183374_242e331cd870e872025bae0a007723b9-300x204.jpg 300w, https:\/\/machpin.com\/wp-content\/uploads\/2025\/12\/z6516126183374_242e331cd870e872025bae0a007723b9-768x524.jpg 768w, https:\/\/machpin.com\/wp-content\/uploads\/2025\/12\/z6516126183374_242e331cd870e872025bae0a007723b9-600x409.jpg 600w, https:\/\/machpin.com\/wp-content\/uploads\/2025\/12\/z6516126183374_242e331cd870e872025bae0a007723b9.jpg 1024w\" sizes=\"auto, (max-width: 300px) 100vw, 300px\" \/> <img loading=\"lazy\" decoding=\"async\" class=\"alignnone size-medium wp-image-264\" src=\"https:\/\/machpin.com\/wp-content\/uploads\/2025\/12\/z6516126186127_ed7f4cadf9b6afe6c39a8a6dcbf52d05-300x163.jpg\" alt=\"\" width=\"300\" height=\"163\" srcset=\"https:\/\/machpin.com\/wp-content\/uploads\/2025\/12\/z6516126186127_ed7f4cadf9b6afe6c39a8a6dcbf52d05-300x163.jpg 300w, https:\/\/machpin.com\/wp-content\/uploads\/2025\/12\/z6516126186127_ed7f4cadf9b6afe6c39a8a6dcbf52d05-1024x557.jpg 1024w, https:\/\/machpin.com\/wp-content\/uploads\/2025\/12\/z6516126186127_ed7f4cadf9b6afe6c39a8a6dcbf52d05-768x418.jpg 768w, https:\/\/machpin.com\/wp-content\/uploads\/2025\/12\/z6516126186127_ed7f4cadf9b6afe6c39a8a6dcbf52d05-600x327.jpg 600w, https:\/\/machpin.com\/wp-content\/uploads\/2025\/12\/z6516126186127_ed7f4cadf9b6afe6c39a8a6dcbf52d05.jpg 1216w\" sizes=\"auto, (max-width: 300px) 100vw, 300px\" \/><\/p>\n","protected":false},"excerpt":{"rendered":"","protected":false},"featured_media":258,"comment_status":"open","ping_status":"closed","template":"","meta":[],"product_brand":[],"product_cat":[22],"product_tag":[],"class_list":{"0":"post-253","1":"product","2":"type-product","3":"status-publish","4":"has-post-thumbnail","6":"product_cat-vat-tu-nganh-pin","8":"first","9":"instock","10":"shipping-taxable","11":"purchasable","12":"product-type-variable"},"_links":{"self":[{"href":"https:\/\/machpin.com\/index.php\/wp-json\/wp\/v2\/product\/253","targetHints":{"allow":["GET"]}}],"collection":[{"href":"https:\/\/machpin.com\/index.php\/wp-json\/wp\/v2\/product"}],"about":[{"href":"https:\/\/machpin.com\/index.php\/wp-json\/wp\/v2\/types\/product"}],"replies":[{"embeddable":true,"href":"https:\/\/machpin.com\/index.php\/wp-json\/wp\/v2\/comments?post=253"}],"wp:featuredmedia":[{"embeddable":true,"href":"https:\/\/machpin.com\/index.php\/wp-json\/wp\/v2\/media\/258"}],"wp:attachment":[{"href":"https:\/\/machpin.com\/index.php\/wp-json\/wp\/v2\/media?parent=253"}],"wp:term":[{"taxonomy":"product_brand","embeddable":true,"href":"https:\/\/machpin.com\/index.php\/wp-json\/wp\/v2\/product_brand?post=253"},{"taxonomy":"product_cat","embeddable":true,"href":"https:\/\/machpin.com\/index.php\/wp-json\/wp\/v2\/product_cat?post=253"},{"taxonomy":"product_tag","embeddable":true,"href":"https:\/\/machpin.com\/index.php\/wp-json\/wp\/v2\/product_tag?post=253"}],"curies":[{"name":"wp","href":"https:\/\/api.w.org\/{rel}","templated":true}]}}