{"id":324,"date":"2025-12-23T18:19:29","date_gmt":"2025-12-23T11:19:29","guid":{"rendered":"https:\/\/machpin.com\/?post_type=product&#038;p=324"},"modified":"2025-12-23T18:19:50","modified_gmt":"2025-12-23T11:19:50","slug":"vo-mach-kem-tem-pin-robot-hut-bui-irobot-roomba","status":"publish","type":"product","link":"https:\/\/machpin.com\/index.php\/san-pham\/vo-mach-kem-tem-pin-robot-hut-bui-irobot-roomba\/","title":{"rendered":"V\u1ecf m\u1ea1ch k\u1ebdm tem pin robot h\u00fat b\u1ee5i iRobot Roomba"},"content":{"rendered":"<p><img loading=\"lazy\" decoding=\"async\" class=\"alignnone size-medium wp-image-322\" src=\"https:\/\/machpin.com\/wp-content\/uploads\/2025\/12\/Screenshot-2025-12-23-181325-262x300.png\" alt=\"\" width=\"262\" height=\"300\" srcset=\"https:\/\/machpin.com\/wp-content\/uploads\/2025\/12\/Screenshot-2025-12-23-181325-262x300.png 262w, https:\/\/machpin.com\/wp-content\/uploads\/2025\/12\/Screenshot-2025-12-23-181325.png 581w\" sizes=\"auto, (max-width: 262px) 100vw, 262px\" \/> <img loading=\"lazy\" decoding=\"async\" class=\"alignnone size-medium wp-image-321\" src=\"https:\/\/machpin.com\/wp-content\/uploads\/2025\/12\/z6405961926446_8b6b1f737c14fbeefa99181a01d47772-225x300.jpg\" alt=\"\" width=\"225\" height=\"300\" srcset=\"https:\/\/machpin.com\/wp-content\/uploads\/2025\/12\/z6405961926446_8b6b1f737c14fbeefa99181a01d47772-225x300.jpg 225w, https:\/\/machpin.com\/wp-content\/uploads\/2025\/12\/z6405961926446_8b6b1f737c14fbeefa99181a01d47772-768x1024.jpg 768w, https:\/\/machpin.com\/wp-content\/uploads\/2025\/12\/z6405961926446_8b6b1f737c14fbeefa99181a01d47772-600x800.jpg 600w, https:\/\/machpin.com\/wp-content\/uploads\/2025\/12\/z6405961926446_8b6b1f737c14fbeefa99181a01d47772.jpg 960w\" sizes=\"auto, (max-width: 225px) 100vw, 225px\" \/> <img loading=\"lazy\" decoding=\"async\" class=\"alignnone size-medium wp-image-320\" src=\"https:\/\/machpin.com\/wp-content\/uploads\/2025\/12\/z6405961922884_3c4cca5ac46059866636840cd8cc3751-225x300.jpg\" alt=\"\" width=\"225\" height=\"300\" srcset=\"https:\/\/machpin.com\/wp-content\/uploads\/2025\/12\/z6405961922884_3c4cca5ac46059866636840cd8cc3751-225x300.jpg 225w, https:\/\/machpin.com\/wp-content\/uploads\/2025\/12\/z6405961922884_3c4cca5ac46059866636840cd8cc3751-768x1024.jpg 768w, https:\/\/machpin.com\/wp-content\/uploads\/2025\/12\/z6405961922884_3c4cca5ac46059866636840cd8cc3751-600x800.jpg 600w, https:\/\/machpin.com\/wp-content\/uploads\/2025\/12\/z6405961922884_3c4cca5ac46059866636840cd8cc3751.jpg 960w\" sizes=\"auto, (max-width: 225px) 100vw, 225px\" \/> <img loading=\"lazy\" decoding=\"async\" class=\"alignnone size-medium wp-image-319\" src=\"https:\/\/machpin.com\/wp-content\/uploads\/2025\/12\/z6405961913049_d6dee970f81d40f0ec274bba3b605e41-225x300.jpg\" alt=\"\" width=\"225\" height=\"300\" srcset=\"https:\/\/machpin.com\/wp-content\/uploads\/2025\/12\/z6405961913049_d6dee970f81d40f0ec274bba3b605e41-225x300.jpg 225w, https:\/\/machpin.com\/wp-content\/uploads\/2025\/12\/z6405961913049_d6dee970f81d40f0ec274bba3b605e41-768x1024.jpg 768w, https:\/\/machpin.com\/wp-content\/uploads\/2025\/12\/z6405961913049_d6dee970f81d40f0ec274bba3b605e41-600x800.jpg 600w, https:\/\/machpin.com\/wp-content\/uploads\/2025\/12\/z6405961913049_d6dee970f81d40f0ec274bba3b605e41.jpg 960w\" sizes=\"auto, (max-width: 225px) 100vw, 225px\" \/> <img loading=\"lazy\" decoding=\"async\" class=\"alignnone size-medium wp-image-318\" src=\"https:\/\/machpin.com\/wp-content\/uploads\/2025\/12\/z6405961911046_9a37ba4df118f192405b93d581914ad0-225x300.jpg\" alt=\"\" width=\"225\" height=\"300\" srcset=\"https:\/\/machpin.com\/wp-content\/uploads\/2025\/12\/z6405961911046_9a37ba4df118f192405b93d581914ad0-225x300.jpg 225w, https:\/\/machpin.com\/wp-content\/uploads\/2025\/12\/z6405961911046_9a37ba4df118f192405b93d581914ad0-768x1024.jpg 768w, https:\/\/machpin.com\/wp-content\/uploads\/2025\/12\/z6405961911046_9a37ba4df118f192405b93d581914ad0-600x800.jpg 600w, https:\/\/machpin.com\/wp-content\/uploads\/2025\/12\/z6405961911046_9a37ba4df118f192405b93d581914ad0.jpg 960w\" sizes=\"auto, (max-width: 225px) 100vw, 225px\" \/> <img loading=\"lazy\" decoding=\"async\" class=\"alignnone size-medium wp-image-317\" src=\"https:\/\/machpin.com\/wp-content\/uploads\/2025\/12\/IR_4-227x300.jpg\" alt=\"\" width=\"227\" height=\"300\" srcset=\"https:\/\/machpin.com\/wp-content\/uploads\/2025\/12\/IR_4-227x300.jpg 227w, https:\/\/machpin.com\/wp-content\/uploads\/2025\/12\/IR_4-774x1024.jpg 774w, https:\/\/machpin.com\/wp-content\/uploads\/2025\/12\/IR_4-768x1017.jpg 768w, https:\/\/machpin.com\/wp-content\/uploads\/2025\/12\/IR_4-600x794.jpg 600w, https:\/\/machpin.com\/wp-content\/uploads\/2025\/12\/IR_4.jpg 831w\" sizes=\"auto, (max-width: 227px) 100vw, 227px\" \/> <img loading=\"lazy\" decoding=\"async\" class=\"alignnone size-medium wp-image-316\" src=\"https:\/\/machpin.com\/wp-content\/uploads\/2025\/12\/IR_3-300x223.jpg\" alt=\"\" width=\"300\" height=\"223\" srcset=\"https:\/\/machpin.com\/wp-content\/uploads\/2025\/12\/IR_3-300x223.jpg 300w, https:\/\/machpin.com\/wp-content\/uploads\/2025\/12\/IR_3-768x572.jpg 768w, https:\/\/machpin.com\/wp-content\/uploads\/2025\/12\/IR_3-600x447.jpg 600w, https:\/\/machpin.com\/wp-content\/uploads\/2025\/12\/IR_3.jpg 939w\" sizes=\"auto, (max-width: 300px) 100vw, 300px\" \/> <img loading=\"lazy\" decoding=\"async\" class=\"alignnone size-medium wp-image-315\" src=\"https:\/\/machpin.com\/wp-content\/uploads\/2025\/12\/IR_2-292x300.jpg\" alt=\"\" width=\"292\" height=\"300\" srcset=\"https:\/\/machpin.com\/wp-content\/uploads\/2025\/12\/IR_2-292x300.jpg 292w, https:\/\/machpin.com\/wp-content\/uploads\/2025\/12\/IR_2-600x617.jpg 600w, https:\/\/machpin.com\/wp-content\/uploads\/2025\/12\/IR_2-50x50.jpg 50w, https:\/\/machpin.com\/wp-content\/uploads\/2025\/12\/IR_2.jpg 762w\" sizes=\"auto, (max-width: 292px) 100vw, 292px\" \/> <img loading=\"lazy\" decoding=\"async\" class=\"alignnone size-medium wp-image-314\" src=\"https:\/\/machpin.com\/wp-content\/uploads\/2025\/12\/IR_1-300x230.jpg\" alt=\"\" width=\"300\" height=\"230\" srcset=\"https:\/\/machpin.com\/wp-content\/uploads\/2025\/12\/IR_1-300x230.jpg 300w, https:\/\/machpin.com\/wp-content\/uploads\/2025\/12\/IR_1-1024x786.jpg 1024w, https:\/\/machpin.com\/wp-content\/uploads\/2025\/12\/IR_1-768x589.jpg 768w, https:\/\/machpin.com\/wp-content\/uploads\/2025\/12\/IR_1-600x460.jpg 600w, https:\/\/machpin.com\/wp-content\/uploads\/2025\/12\/IR_1.jpg 1251w\" sizes=\"auto, (max-width: 300px) 100vw, 300px\" \/><\/p>\n","protected":false},"excerpt":{"rendered":"<p>S\u1ea3n ph\u1ea9m d\u00f9ng \u0111\u1ec3 \u0111\u00f3ng pin robot h\u00fat b\u1ee5i irobot roomba c\u00e1c \u0111\u1eddi 500 600 700 800 900. S\u1ea3n ph\u1ea9m \u0111\u01b0\u1ee3c ho\u00e0n thi\u1ec7n ch\u1ea5t l\u01b0\u1ee3ng cao.<\/p>\n","protected":false},"featured_media":322,"comment_status":"open","ping_status":"closed","template":"","meta":[],"product_brand":[],"product_cat":[17],"product_tag":[],"class_list":{"0":"post-324","1":"product","2":"type-product","3":"status-publish","4":"has-post-thumbnail","6":"product_cat-pin-robot-hut-bui","8":"first","9":"instock","10":"shipping-taxable","11":"purchasable","12":"product-type-variable"},"_links":{"self":[{"href":"https:\/\/machpin.com\/index.php\/wp-json\/wp\/v2\/product\/324","targetHints":{"allow":["GET"]}}],"collection":[{"href":"https:\/\/machpin.com\/index.php\/wp-json\/wp\/v2\/product"}],"about":[{"href":"https:\/\/machpin.com\/index.php\/wp-json\/wp\/v2\/types\/product"}],"replies":[{"embeddable":true,"href":"https:\/\/machpin.com\/index.php\/wp-json\/wp\/v2\/comments?post=324"}],"wp:featuredmedia":[{"embeddable":true,"href":"https:\/\/machpin.com\/index.php\/wp-json\/wp\/v2\/media\/322"}],"wp:attachment":[{"href":"https:\/\/machpin.com\/index.php\/wp-json\/wp\/v2\/media?parent=324"}],"wp:term":[{"taxonomy":"product_brand","embeddable":true,"href":"https:\/\/machpin.com\/index.php\/wp-json\/wp\/v2\/product_brand?post=324"},{"taxonomy":"product_cat","embeddable":true,"href":"https:\/\/machpin.com\/index.php\/wp-json\/wp\/v2\/product_cat?post=324"},{"taxonomy":"product_tag","embeddable":true,"href":"https:\/\/machpin.com\/index.php\/wp-json\/wp\/v2\/product_tag?post=324"}],"curies":[{"name":"wp","href":"https:\/\/api.w.org\/{rel}","templated":true}]}}