{"id":354,"date":"2025-12-23T20:13:33","date_gmt":"2025-12-23T13:13:33","guid":{"rendered":"https:\/\/machpin.com\/?post_type=product&#038;p=354"},"modified":"2025-12-23T20:15:14","modified_gmt":"2025-12-23T13:15:14","slug":"day-dien-doi-rhino-tieu-chuan-nhat-jet-2x0-75-dai-1-5m-phich-det","status":"publish","type":"product","link":"https:\/\/machpin.com\/index.php\/san-pham\/day-dien-doi-rhino-tieu-chuan-nhat-jet-2x0-75-dai-1-5m-phich-det\/","title":{"rendered":"D\u00e2y \u0111i\u1ec7n \u0111\u00f4i RHINO ti\u00eau chu\u1ea9n NH\u1eacT (Jet) 2&#215;0.75 d\u00e0i 1.5m ph\u00edch d\u1eb9t"},"content":{"rendered":"<p><img loading=\"lazy\" decoding=\"async\" class=\"alignnone size-medium wp-image-359\" src=\"https:\/\/machpin.com\/wp-content\/uploads\/2025\/12\/z6421645005594_d4089c61df4412411d9acea7492a2798-225x300.jpg\" alt=\"\" width=\"225\" height=\"300\" srcset=\"https:\/\/machpin.com\/wp-content\/uploads\/2025\/12\/z6421645005594_d4089c61df4412411d9acea7492a2798-225x300.jpg 225w, https:\/\/machpin.com\/wp-content\/uploads\/2025\/12\/z6421645005594_d4089c61df4412411d9acea7492a2798-768x1024.jpg 768w, https:\/\/machpin.com\/wp-content\/uploads\/2025\/12\/z6421645005594_d4089c61df4412411d9acea7492a2798-600x800.jpg 600w, https:\/\/machpin.com\/wp-content\/uploads\/2025\/12\/z6421645005594_d4089c61df4412411d9acea7492a2798.jpg 960w\" sizes=\"auto, (max-width: 225px) 100vw, 225px\" \/> <img loading=\"lazy\" decoding=\"async\" class=\"alignnone size-medium wp-image-358\" src=\"https:\/\/machpin.com\/wp-content\/uploads\/2025\/12\/z6421645005225_058ac7e6482784fe9b069c4a515e4eb8-225x300.jpg\" alt=\"\" width=\"225\" height=\"300\" srcset=\"https:\/\/machpin.com\/wp-content\/uploads\/2025\/12\/z6421645005225_058ac7e6482784fe9b069c4a515e4eb8-225x300.jpg 225w, https:\/\/machpin.com\/wp-content\/uploads\/2025\/12\/z6421645005225_058ac7e6482784fe9b069c4a515e4eb8-768x1024.jpg 768w, https:\/\/machpin.com\/wp-content\/uploads\/2025\/12\/z6421645005225_058ac7e6482784fe9b069c4a515e4eb8-600x800.jpg 600w, https:\/\/machpin.com\/wp-content\/uploads\/2025\/12\/z6421645005225_058ac7e6482784fe9b069c4a515e4eb8.jpg 960w\" sizes=\"auto, (max-width: 225px) 100vw, 225px\" \/> <img loading=\"lazy\" decoding=\"async\" class=\"alignnone size-medium wp-image-356\" src=\"https:\/\/machpin.com\/wp-content\/uploads\/2025\/12\/z6421644597184_343600f742514b4e35e4507111906c03-225x300.jpg\" alt=\"\" width=\"225\" height=\"300\" srcset=\"https:\/\/machpin.com\/wp-content\/uploads\/2025\/12\/z6421644597184_343600f742514b4e35e4507111906c03-225x300.jpg 225w, https:\/\/machpin.com\/wp-content\/uploads\/2025\/12\/z6421644597184_343600f742514b4e35e4507111906c03-768x1024.jpg 768w, https:\/\/machpin.com\/wp-content\/uploads\/2025\/12\/z6421644597184_343600f742514b4e35e4507111906c03-600x800.jpg 600w, https:\/\/machpin.com\/wp-content\/uploads\/2025\/12\/z6421644597184_343600f742514b4e35e4507111906c03.jpg 960w\" sizes=\"auto, (max-width: 225px) 100vw, 225px\" \/> <img loading=\"lazy\" decoding=\"async\" class=\"alignnone size-medium wp-image-355\" src=\"https:\/\/machpin.com\/wp-content\/uploads\/2025\/12\/z6421644576015_37e64de398ec3fe357d3f03fd91639ed-225x300.jpg\" alt=\"\" width=\"225\" height=\"300\" srcset=\"https:\/\/machpin.com\/wp-content\/uploads\/2025\/12\/z6421644576015_37e64de398ec3fe357d3f03fd91639ed-225x300.jpg 225w, https:\/\/machpin.com\/wp-content\/uploads\/2025\/12\/z6421644576015_37e64de398ec3fe357d3f03fd91639ed-768x1024.jpg 768w, https:\/\/machpin.com\/wp-content\/uploads\/2025\/12\/z6421644576015_37e64de398ec3fe357d3f03fd91639ed-600x800.jpg 600w, https:\/\/machpin.com\/wp-content\/uploads\/2025\/12\/z6421644576015_37e64de398ec3fe357d3f03fd91639ed.jpg 960w\" sizes=\"auto, (max-width: 225px) 100vw, 225px\" \/><\/p>\n","protected":false},"excerpt":{"rendered":"<p>D\u00e2y \u0111i\u1ec7n \u0111\u00f4i RHINO ti\u00eau chu\u1ea9n NH\u1eacT (Jet) 2&#215;0.75 d\u00e0i 1.5m ph\u00edch d\u1eb9t, s\u1ea3n ph\u1ea9m th\u00edch \u0111\u1ec3 thay th\u1ebf d\u00e2y \u0111i\u1ec7n \u0111\u1ed3 nh\u1eadt b\u00e3i \u0111\u00e3 b\u1ecb c\u0169.<\/p>\n","protected":false},"featured_media":355,"comment_status":"open","ping_status":"closed","template":"","meta":[],"product_brand":[],"product_cat":[24],"product_tag":[],"class_list":{"0":"post-354","1":"product","2":"type-product","3":"status-publish","4":"has-post-thumbnail","6":"product_cat-day-dien-chinh-hang","8":"first","9":"instock","10":"shipping-taxable","11":"purchasable","12":"product-type-simple"},"_links":{"self":[{"href":"https:\/\/machpin.com\/index.php\/wp-json\/wp\/v2\/product\/354","targetHints":{"allow":["GET"]}}],"collection":[{"href":"https:\/\/machpin.com\/index.php\/wp-json\/wp\/v2\/product"}],"about":[{"href":"https:\/\/machpin.com\/index.php\/wp-json\/wp\/v2\/types\/product"}],"replies":[{"embeddable":true,"href":"https:\/\/machpin.com\/index.php\/wp-json\/wp\/v2\/comments?post=354"}],"wp:featuredmedia":[{"embeddable":true,"href":"https:\/\/machpin.com\/index.php\/wp-json\/wp\/v2\/media\/355"}],"wp:attachment":[{"href":"https:\/\/machpin.com\/index.php\/wp-json\/wp\/v2\/media?parent=354"}],"wp:term":[{"taxonomy":"product_brand","embeddable":true,"href":"https:\/\/machpin.com\/index.php\/wp-json\/wp\/v2\/product_brand?post=354"},{"taxonomy":"product_cat","embeddable":true,"href":"https:\/\/machpin.com\/index.php\/wp-json\/wp\/v2\/product_cat?post=354"},{"taxonomy":"product_tag","embeddable":true,"href":"https:\/\/machpin.com\/index.php\/wp-json\/wp\/v2\/product_tag?post=354"}],"curies":[{"name":"wp","href":"https:\/\/api.w.org\/{rel}","templated":true}]}}