{"id":388,"date":"2025-12-23T20:38:58","date_gmt":"2025-12-23T13:38:58","guid":{"rendered":"https:\/\/machpin.com\/?post_type=product&#038;p=388"},"modified":"2025-12-23T20:40:00","modified_gmt":"2025-12-23T13:40:00","slug":"pin-robot-hut-bui-xiaomi-mijia-gen-2-mop-p-jx37-stytj02ym-2pro-mjsts1-d099-mjstp-3500mah-5000mah-7000mah000mah","status":"publish","type":"product","link":"https:\/\/machpin.com\/index.php\/san-pham\/pin-robot-hut-bui-xiaomi-mijia-gen-2-mop-p-jx37-stytj02ym-2pro-mjsts1-d099-mjstp-3500mah-5000mah-7000mah000mah\/","title":{"rendered":"Pin robot h\u00fat b\u1ee5i Xiaomi Mijia Gen 2 Mop p JX37 STYTJ02YM 2pro Mjsts1 D099 Mjstp 3500mAh 5000mAh 7000mAh000mAh"},"content":{"rendered":"<p><img loading=\"lazy\" decoding=\"async\" class=\"alignnone size-medium wp-image-389\" src=\"https:\/\/machpin.com\/wp-content\/uploads\/2025\/12\/gen2-300x145.jpg\" alt=\"\" width=\"300\" height=\"145\" srcset=\"https:\/\/machpin.com\/wp-content\/uploads\/2025\/12\/gen2-300x145.jpg 300w, https:\/\/machpin.com\/wp-content\/uploads\/2025\/12\/gen2-1024x495.jpg 1024w, https:\/\/machpin.com\/wp-content\/uploads\/2025\/12\/gen2-768x371.jpg 768w, https:\/\/machpin.com\/wp-content\/uploads\/2025\/12\/gen2-600x290.jpg 600w, https:\/\/machpin.com\/wp-content\/uploads\/2025\/12\/gen2.jpg 1202w\" sizes=\"auto, (max-width: 300px) 100vw, 300px\" \/> <img loading=\"lazy\" decoding=\"async\" class=\"alignnone size-medium wp-image-390\" src=\"https:\/\/machpin.com\/wp-content\/uploads\/2025\/12\/thum-300x189.jpg\" alt=\"\" width=\"300\" height=\"189\" srcset=\"https:\/\/machpin.com\/wp-content\/uploads\/2025\/12\/thum-300x189.jpg 300w, https:\/\/machpin.com\/wp-content\/uploads\/2025\/12\/thum-600x378.jpg 600w, https:\/\/machpin.com\/wp-content\/uploads\/2025\/12\/thum.jpg 621w\" sizes=\"auto, (max-width: 300px) 100vw, 300px\" \/> <img loading=\"lazy\" decoding=\"async\" class=\"alignnone size-medium wp-image-391\" src=\"https:\/\/machpin.com\/wp-content\/uploads\/2025\/12\/d099-300x167.jpg\" alt=\"\" width=\"300\" height=\"167\" srcset=\"https:\/\/machpin.com\/wp-content\/uploads\/2025\/12\/d099-300x167.jpg 300w, https:\/\/machpin.com\/wp-content\/uploads\/2025\/12\/d099-1024x572.jpg 1024w, https:\/\/machpin.com\/wp-content\/uploads\/2025\/12\/d099-768x429.jpg 768w, https:\/\/machpin.com\/wp-content\/uploads\/2025\/12\/d099-600x335.jpg 600w, https:\/\/machpin.com\/wp-content\/uploads\/2025\/12\/d099.jpg 1202w\" sizes=\"auto, (max-width: 300px) 100vw, 300px\" \/> <img loading=\"lazy\" decoding=\"async\" class=\"alignnone size-medium wp-image-392\" src=\"https:\/\/machpin.com\/wp-content\/uploads\/2025\/12\/d099_2-300x169.jpg\" alt=\"\" width=\"300\" height=\"169\" srcset=\"https:\/\/machpin.com\/wp-content\/uploads\/2025\/12\/d099_2-300x169.jpg 300w, https:\/\/machpin.com\/wp-content\/uploads\/2025\/12\/d099_2-1024x576.jpg 1024w, https:\/\/machpin.com\/wp-content\/uploads\/2025\/12\/d099_2-768x432.jpg 768w, https:\/\/machpin.com\/wp-content\/uploads\/2025\/12\/d099_2-600x337.jpg 600w, https:\/\/machpin.com\/wp-content\/uploads\/2025\/12\/d099_2.jpg 1366w\" sizes=\"auto, (max-width: 300px) 100vw, 300px\" \/> <img loading=\"lazy\" decoding=\"async\" class=\"alignnone size-medium wp-image-393\" src=\"https:\/\/machpin.com\/wp-content\/uploads\/2025\/12\/thumgen3-300x189.jpg\" alt=\"\" width=\"300\" height=\"189\" srcset=\"https:\/\/machpin.com\/wp-content\/uploads\/2025\/12\/thumgen3-300x189.jpg 300w, https:\/\/machpin.com\/wp-content\/uploads\/2025\/12\/thumgen3-600x378.jpg 600w, https:\/\/machpin.com\/wp-content\/uploads\/2025\/12\/thumgen3.jpg 621w\" sizes=\"auto, (max-width: 300px) 100vw, 300px\" \/><\/p>\n","protected":false},"excerpt":{"rendered":"<p>Nh\u00e0 b\u00e1n h\u00e0ng cam k\u1ebft dung l\u01b0\u1ee3ng pin \u0111\u1ea1t chu\u1ea9n nh\u01b0 th\u00f4ng s\u1ed1 \u0111\u01b0a ra, c\u00e1c s\u1ea3n ph\u1ea9m \u0111\u1ec1u \u0111\u01b0\u1ee3c b\u1ea3o h\u00e0nh 01 n\u0103m b\u1eb1ng tem b\u1ea3o h\u00e0nh t\u1ea1i \u0111\u1ecba \u0111i\u1ec3m kinh doanh c\u1ee7a ng\u01b0\u1eddi b\u00e1n.<\/p>\n<p>Trong qu\u00e1 tr\u00ecnh s\u1eed d\u1ee5ng qu\u00fd kh\u00e1ch h\u00e0ng c\u00f3 v\u1ea5n \u0111\u1ec1 g\u00ec th\u1eafc m\u1eafc h\u00e3y li\u00ean h\u1ec7 ngay v\u1edbi nh\u00e0 b\u00e1n h\u00e0ng \u0111\u1ec3 \u0111\u01b0\u1ee3c gi\u1ea3i \u0111\u00e1p t\u1eadn t\u00ecnh c\u0169ng nh\u1eefng kh\u1eafc ph\u1ee5c ngay nh\u1eefng sai s\u00f3t kh\u00f4ng may x\u1ea3y ra.<\/p>\n<p>Ch\u00fang t\u00f4i ch\u00e2n th\u00e0nh c\u1ea3m \u01a1n qu\u00fd kh\u00e1ch h\u00e0ng \u0111\u00e3 \u0111ang v\u00e0 s\u1ebd \u0111\u1ed3ng h\u00e0nh c\u00f9ng ch\u00fang t\u00f4i.<\/p>\n<p>Sau \u0111\u00e2y l\u00e0 \u0111\u00f4i l\u1eddi gi\u1edbi thi\u1ec7u v\u1ec1 2 lo\u1ea1i robot n\u1ed5i ti\u1ebfng c\u1ee7a nh\u00e0 XIAOMI:<\/p>\n<p>&#8212;&#8212;&#8212;&#8212;&#8212;&#8212;&#8212;&#8212;&#8212;&#8212;&#8212;&#8212;&#8212;&#8212;&#8212;-<\/p>\n<p>Thi\u1ebft k\u1ebf Xiaomi Mijia Gen 2 STYJ02YM<\/p>\n<p>V\u1eabn l\u00e0 l\u00e0 thi\u1ebft k\u1ebf quen thu\u1ed9c nh\u01b0ng \u0111\u01b0\u1ee3c t\u1ed1i gi\u1ea3n v\u00e0 tinh t\u1ebf h\u01a1n, nh\u00ecn qua b\u1ea1n s\u1ebd th\u1ea5y phi\u00ean b\u1ea3n Mijia Gen 2 n\u00e0y v\u00f4 c\u00f9ng sang tr\u1ecdng. \u0110\u1eb7c bi\u1ec7t nh\u00e0 s\u1ea3n xu\u1ea5t Mijia \u0111\u00e3 cho ra 2 phi\u00ean b\u1ea3n m\u00e0u s\u1eafc l\u00e0 \u0111en v\u00e0 tr\u1eafng ph\u00f9 h\u1ee3p v\u1edbi h\u1ea7u h\u1ebft v\u1edbi gam m\u00e0u trong nh\u00e0 b\u1ea1n.<\/p>\n<p>Thi\u1ebft k\u1ebf m\u1ecfng, nh\u1eb9 v\u1edbi k\u00edch th\u01b0\u1edbc 152 x 74.6 x 99.5mm gi\u00fap cho thi\u1ebft b\u1ecb Xiaomi Mijia Robot Vacuum Cleaner STYJ02YM ho\u1ea1t \u0111\u1ed9ng nhanh ch\u00f3ng v\u00e0 linh ho\u1ea1t h\u01a1n<\/p>\n<p>Phi\u00ean b\u1ea3n Mijia Gen 2 \u0111\u01b0\u1ee3c n\u00e2ng c\u1ea5p c\u1ea3 v\u1ec1 t\u00ednh n\u0103ng l\u1eabn ngo\u1ea1i h\u00ecnh cho phi\u00ean b\u1ea3n 2020 l\u1ea7n n\u00e0y, Xiaomi \u0111\u00e3 n\u00e2ng c\u1ea5p:<\/p>\n<p>T\u00edch h\u1ee3p c\u1ea3 c\u01a1 ch\u1ebf h\u00fat b\u1ee5i, lau nh\u00e0 v\u00e0 3 ch\u1ebf \u0111\u1ed9 qu\u00e9t.<\/p>\n<p>N\u00e2ng c\u1ea5p kh\u1ea3 n\u0103ng \u0111i\u1ec1u h\u01b0\u1edbng, trang b\u1ecb c\u1ea3m bi\u1ebfn gi\u00fap thi\u1ebft b\u1ecb ho\u1ea1t \u0111\u1ed9ng nh\u1ea1y b\u00e9n h\u01a1n, \u0111a n\u0103ng h\u01a1n v\u00e0 \u0111\u1eb7c bi\u1ec7t l\u00e0 nhanh ch\u00f3ng h\u01a1n th\u1ebf h\u1ec7 c\u0169.B\u00ean c\u1ea1nh c\u01a1 ch\u1ebf h\u00fat b\u1ee5i th\u00ec Xiaomi Mijia Gen 2 c\u0169ng \u0111\u00e3 \u0111\u01b0\u1ee3c h\u1ed7 tr\u1ee3 3 c\u01a1 ch\u1ebf l\u00e0m s\u1ea1ch:<\/p>\n<p>Ch\u1ec9 h\u00fat.<\/p>\n<p>Ch\u1ec9 lau.<\/p>\n<p>V\u1eeba h\u00fat v\u1eeba lau.<\/p>\n<p>T\u00edch h\u1ee3p \u0111\u1ed9ng c\u01a1 kh\u00f4ng ch\u1ed5i than l\u1ef1c h\u00fat, \u0111i\u1ec1u ch\u1ec9nh thi\u1ebft k\u1ebf \u0111\u01b0\u1eddng \u1ed1ng d\u1eabn kh\u00ed, c\u01a1 ch\u1ebf \u0111i\u1ec1u ch\u1ec9nh c\u00e1c ch\u1ebf \u0111\u1ed9 h\u00fat kh\u00e1c gi\u00fap cho robot \u0111\u1ea1t \u0111\u01b0\u1ee3c l\u1ee5c h\u00fat c\u1ef1c m\u1ea1nh l\u00ean \u0111\u1ebfn 2100PA.<\/p>\n<p>&#8212;&#8212;&#8212;&#8212;&#8212;&#8212;&#8212;&#8212;&#8212;&#8212;&#8212;&#8212;&#8212;&#8212;&#8212;-<\/p>\n<p>Robot h\u00fat b\u1ee5i Xiaomi MJSTP l\u00e0 m\u1ed9t s\u1ea3n ph\u1ea9m m\u1edbi kh\u00f4ng ch\u1ec9 cung c\u1ea5p c\u00e1c ch\u1ee9c n\u0103ng c\u01a1 b\u1ea3n c\u1ee7a m\u1ed9t robot h\u00fat b\u1ee5i m\u00e0 c\u00f2n cung c\u1ea5p c\u00e1c c\u00f4ng ngh\u1ec7 l\u00e0m s\u1ea1ch \u0111\u01b0\u1ee3c c\u1ea3i ti\u1ebfn nh\u01b0 tr\u1ea1m l\u00e0m s\u1ea1ch th\u00f4ng minh. Robot h\u00fat b\u1ee5i lau nh\u00e0 th\u00f4ng minh Mijia Xiaomi MJSTP s\u1ebd gi\u00fap b\u1ea1n l\u00e0m s\u1ea1ch s\u00e0n trong nh\u00e0 nhanh ch\u00f3ng nh\u01b0ng hi\u1ec7u qu\u1ea3, ti\u1ebft ki\u1ec7m th\u1eddi gian v\u00e0 c\u00f4ng s\u1ee9c. \u0110\u1eb7c bi\u1ec7t b\u1ea1n s\u1ebd ho\u00e0n to\u00e0n \u0111\u01b0\u1ee3c r\u1ea3nh tay nh\u1edd c\u00f4ng ngh\u1ec7 gi\u1eb7t kh\u0103n lau t\u1ef1 \u0111\u1ed9ng.<\/p>\n<p>\u0110\u1eb7c \u0111i\u1ec3m ch\u00ednh c\u1ee7a Robot h\u00fat b\u1ee5i lau nh\u00e0 th\u00f4ng minh Mijia Xiaomi MJSTP<\/p>\n<p>Kh\u1eed tr\u00f9ng n\u01b0\u1edbc, di\u1ec7t vi khu\u1ea9n l\u00ean \u0111\u1ebfn 99,9%.<\/p>\n<p>T\u1ef1 \u0111\u1ed9ng tr\u1edf v\u1ec1 Dock s\u1ea1c \u0111\u1ec3 l\u00e0m s\u1ea1ch kh\u0103n lau.<\/p>\n<p>Nh\u1eadn d\u1ea1ng \u0111\u1ed3 v\u1eadt t\u1ef1 \u0111\u1ed9ng th\u00f4ng minh.<\/p>\n<p>L\u1ef1c h\u00fat m\u1ea1nh m\u1ebd.<\/p>\n<p>Tr\u00e1nh ch\u01b0\u1edbng ng\u1ea1i v\u1eadt th\u00f4ng minh.<\/p>\n<p>T\u1ef1 \u0111\u1ed9ng v\u1ebd b\u1ea3n \u0111\u1ed3, l\u1eadp k\u1ebf ho\u1ea1ch v\u00e0 d\u1ecdn d\u1eb9p.<\/p>\n<p>H\u1ec7 th\u1ed1ng \u0111\u1ecbnh v\u1ecb laser LDS m\u1edbi.<\/p>\n<p>L\u00e0m s\u1ea1ch t\u1eeb xa qua \u1ee9ng d\u1ee5ng Mi Home.<\/p>\n<p>C\u00f4ng ngh\u1ec7 lau rung hi\u1ec7n \u0111\u1ea1i.<\/p>\n","protected":false},"featured_media":389,"comment_status":"open","ping_status":"closed","template":"","meta":[],"product_brand":[],"product_cat":[17],"product_tag":[],"class_list":{"0":"post-388","1":"product","2":"type-product","3":"status-publish","4":"has-post-thumbnail","6":"product_cat-pin-robot-hut-bui","8":"first","9":"instock","10":"shipping-taxable","11":"purchasable","12":"product-type-variable"},"_links":{"self":[{"href":"https:\/\/machpin.com\/index.php\/wp-json\/wp\/v2\/product\/388","targetHints":{"allow":["GET"]}}],"collection":[{"href":"https:\/\/machpin.com\/index.php\/wp-json\/wp\/v2\/product"}],"about":[{"href":"https:\/\/machpin.com\/index.php\/wp-json\/wp\/v2\/types\/product"}],"replies":[{"embeddable":true,"href":"https:\/\/machpin.com\/index.php\/wp-json\/wp\/v2\/comments?post=388"}],"wp:featuredmedia":[{"embeddable":true,"href":"https:\/\/machpin.com\/index.php\/wp-json\/wp\/v2\/media\/389"}],"wp:attachment":[{"href":"https:\/\/machpin.com\/index.php\/wp-json\/wp\/v2\/media?parent=388"}],"wp:term":[{"taxonomy":"product_brand","embeddable":true,"href":"https:\/\/machpin.com\/index.php\/wp-json\/wp\/v2\/product_brand?post=388"},{"taxonomy":"product_cat","embeddable":true,"href":"https:\/\/machpin.com\/index.php\/wp-json\/wp\/v2\/product_cat?post=388"},{"taxonomy":"product_tag","embeddable":true,"href":"https:\/\/machpin.com\/index.php\/wp-json\/wp\/v2\/product_tag?post=388"}],"curies":[{"name":"wp","href":"https:\/\/api.w.org\/{rel}","templated":true}]}}